{"id":1757,"date":"2016-11-05T15:30:47","date_gmt":"2016-11-05T15:30:47","guid":{"rendered":"http:\/\/wpdev.local\/?page_id=1757"},"modified":"2016-11-05T15:30:47","modified_gmt":"2016-11-05T15:30:47","slug":"dienstleistungen","status":"publish","type":"page","link":"https:\/\/lerjen-grogg.ch\/site\/dienstleistungen\/","title":{"rendered":"Dienstleistungen"},"content":{"rendered":"<div class=\"col-xs-12 col-lg-6\">\n<h1>F\u00fcr wen ist unsere Dienstleistung?<\/h1>\n<p>Wir beraten vom Privaten \u00fcber Verb\u00e4nde und Einmann-Betrieb bis zu KMU\u2019s alles. Das heisst, bei uns kommen auch kleinere Firmen gross heraus. Sie sehen unsere Dienstleitung ist auch f\u00fcr Sie interessant. Wenden Sie sich an uns. Wir \u00fcberpr\u00fcfen vorg\u00e4ngig Ihre bestehenden Versicherungsprodukte auf Richtigkeit und Zweckm\u00e4ssigkeit der Pr\u00e4mien und des Versicherungsschutzes, mit dem Ziel eine Vertragsverbesserung zu erreichen.<\/p>\n<p><strong>Auch unterst\u00fctzen wir Sie in Schadenf\u00e4llen.<\/strong><\/p>\n<h1>Wir sind f\u00fcr einen klaren Himmel im Versicherungsmarkt.<\/h1>\n<p>Aufkl\u00e4rung und Transparenz ist uns Pflicht. Als Versicherungsbroker decken wir sehr viele Bereiche in der Versicherungswelt ab. Als solche wissen wir zwar viel aber nicht alles. Daher arbeiten wir eng mit den jeweiligen Fachleuten unserer Partnergesellschaften zusammen. Dies garantiert eine fundierte und kompetente Beratung. Jederzeit.<\/p>\n<p><strong>Empfehlungen begr\u00fcnden wir mit Fakten und Analysen.<\/strong><\/p>\n<\/div>\n<div class=\"col-xs-12 col-lg-6\">\n<h1>Bei uns kommt die Ruhe mit dem Sturm.<\/h1>\n<p>Damit unsere Kunden auch ruhig schlafen, wenn die See des Versicherungsmarktes st\u00fcrmisch ist, \u00fcberwachen wir mindestens einmal pro Jahr die bestehenden Vertr\u00e4ge. Permanentes \u00dcberpr\u00fcfen von Vertr\u00e4gen ist ein Teil unserer t\u00e4glichen Arbeit. Mehr noch: Wenn ein Vertrag dem Kunden nicht mehr den optimalen Nutzen bringt, korrigieren wir die Situation.<\/p>\n<p><strong>Denn unsere Philosophie soll langfristig greifen.<\/strong><\/p>\n<h1>Mit uns segeln Sie auf Erfolgskurs!<\/h1>\n<p>Denn wir sind bekannt f\u00fcr unsere Dynamik und Seriosit\u00e4t. Bei uns hat Kompetenz auch viel mit Ethik zu tun. Die kreiert auch eine dementsprechende Unternehmenskultur und Teamgeist. Darum profitieren Sie auch von einer qualitativ hochstehenden Beratung.<\/p>\n<p><strong>Ihre Vision: Unsere Herausforderung<\/strong><\/p>\n<p>Wer eine Vision oder ein Ziel hat, hat auch schon eine Idee f\u00fcr den Weg, der zu dieser Vision f\u00fchrt. Damit Sie sich optimal orientieren k\u00f6nnen auf dieser Reise, daf\u00fcr sind wir da.<\/p>\n<\/div>\n","protected":false},"excerpt":{"rendered":"<p>F\u00fcr wen ist unsere Dienstleistung? Wir beraten vom Privaten \u00fcber Verb\u00e4nde und Einmann-Betrieb bis zu KMU\u2019s alles. Das heisst, bei uns kommen auch kleinere Firmen gross heraus. Sie&hellip;<\/p>\n","protected":false},"author":1,"featured_media":0,"parent":0,"menu_order":0,"comment_status":"closed","ping_status":"closed","template":"","meta":{"footnotes":""},"class_list":["post-1757","page","type-page","status-publish","has-post-thumbnail","hentry"],"_links":{"self":[{"href":"https:\/\/lerjen-grogg.ch\/site\/wp-json\/wp\/v2\/pages\/1757","targetHints":{"allow":["GET"]}}],"collection":[{"href":"https:\/\/lerjen-grogg.ch\/site\/wp-json\/wp\/v2\/pages"}],"about":[{"href":"https:\/\/lerjen-grogg.ch\/site\/wp-json\/wp\/v2\/types\/page"}],"author":[{"embeddable":true,"href":"https:\/\/lerjen-grogg.ch\/site\/wp-json\/wp\/v2\/users\/1"}],"replies":[{"embeddable":true,"href":"https:\/\/lerjen-grogg.ch\/site\/wp-json\/wp\/v2\/comments?post=1757"}],"version-history":[{"count":0,"href":"https:\/\/lerjen-grogg.ch\/site\/wp-json\/wp\/v2\/pages\/1757\/revisions"}],"wp:attachment":[{"href":"https:\/\/lerjen-grogg.ch\/site\/wp-json\/wp\/v2\/media?parent=1757"}],"curies":[{"name":"wp","href":"https:\/\/api.w.org\/{rel}","templated":true}]}}