{"id":1763,"date":"2016-11-05T15:36:48","date_gmt":"2016-11-05T15:36:48","guid":{"rendered":"http:\/\/wpdev.local\/?page_id=1763"},"modified":"2023-09-25T14:20:44","modified_gmt":"2023-09-25T12:20:44","slug":"ueber-uns","status":"publish","type":"page","link":"https:\/\/lerjen-grogg.ch\/site\/ueber-uns\/","title":{"rendered":"\u00dcber uns"},"content":{"rendered":"<div class=\"col-lg-12 col-xs-12\">\u00a0<\/div>\n<div class=\"col-lg-12 col-xs-12\">\n<p><img loading=\"lazy\" decoding=\"async\" class=\"aligncenter size-large wp-image-1904\" src=\"https:\/\/lerjen-grogg.ch\/site\/wp-content\/uploads\/2021\/07\/Photo_6553860_DJI_260_jpg_4790520_0_20217591144_photo_original-1024x576.jpg\" alt=\"\" width=\"1024\" height=\"576\" srcset=\"https:\/\/lerjen-grogg.ch\/site\/wp-content\/uploads\/2021\/07\/Photo_6553860_DJI_260_jpg_4790520_0_20217591144_photo_original-1024x576.jpg 1024w, https:\/\/lerjen-grogg.ch\/site\/wp-content\/uploads\/2021\/07\/Photo_6553860_DJI_260_jpg_4790520_0_20217591144_photo_original-300x169.jpg 300w, https:\/\/lerjen-grogg.ch\/site\/wp-content\/uploads\/2021\/07\/Photo_6553860_DJI_260_jpg_4790520_0_20217591144_photo_original-768x432.jpg 768w, https:\/\/lerjen-grogg.ch\/site\/wp-content\/uploads\/2021\/07\/Photo_6553860_DJI_260_jpg_4790520_0_20217591144_photo_original-1536x864.jpg 1536w, https:\/\/lerjen-grogg.ch\/site\/wp-content\/uploads\/2021\/07\/Photo_6553860_DJI_260_jpg_4790520_0_20217591144_photo_original-2048x1152.jpg 2048w\" sizes=\"auto, (max-width: 1024px) 100vw, 1024px\" \/><\/p>\n<p>Als der Versicherungsbroker der ersten Stunde in der Region Oberwallis verf\u00fcgen wir nicht nur \u00fcber eine breite Erfahrung sondern auch \u00fcber ein fundiertes Wissen in allen Versicherungsbereichen. Damit dies auch in Zukunft so bleibt, bilden wir uns kontinuierlich intern und extern weiter.<\/p>\n<p>Wir sind eine GmbH, mit einem Stammkapitel von Fr. 30&#8217;000.&#8211;. Die GmbH befindet sich vollumf\u00e4nglich im Besitz von <a href=\"https:\/\/lerjen-grogg.ch\/site\/ueber-uns\/team\/\" target=\"_blank\" rel=\"noopener\">Lerjen Jean-Claude.<\/a> Josef Lerjen und Fritz Grogg sind weiterhin in der GmbH t\u00e4tig und zusammen sind die 3 Herren und die 3 Damen der Garant f\u00fcr eine umsichtige und kompetente Beratung und Betreuung.<\/p>\n<p>Das Neutrale Versicherungsb\u00fcro Lerjen &amp; Grogg GmbH ist ein \u00fcber Jahrzehnte seri\u00f6s aufgebautes Unternehmen und f\u00fcr Sie langfristig ein verl\u00e4sslicher Partner.<\/p>\n<p>Nicht zu vergessen ist, dass Herr Lerjen Jean-Claude eine Vertrauenspartner von FMH Services (Insurance) ist.<\/p>\n<p><em style=\"font-size: inherit;\"><img loading=\"lazy\" decoding=\"async\" class=\"size-full wp-image-1983 alignleft\" src=\"https:\/\/lerjen-grogg.ch\/site\/wp-content\/uploads\/2021\/11\/FMH-Services-Insurance.jpg\" alt=\"\" width=\"231\" height=\"76\" \/><\/em><\/p>\n<\/div>\n<div class=\"col-lg-12 col-xs-12\">\n<p><em>Die Neutrales Versicherungsb\u00fcro Lerjen &amp; Grogg GmbH ist ein von der FMH Services Genossenschaft empfohlenes, rechtlich und wirtschaftlich selbst\u00e4ndiges Beratungsunternehmen.<\/em><\/p>\n<\/div>\n\n\n<p><\/p>\n","protected":false},"excerpt":{"rendered":"<p>\u00a0 Als der Versicherungsbroker der ersten Stunde in der Region Oberwallis verf\u00fcgen wir nicht nur \u00fcber eine breite Erfahrung sondern auch \u00fcber ein fundiertes Wissen in allen Versicherungsbereichen.&hellip;<\/p>\n","protected":false},"author":1,"featured_media":0,"parent":0,"menu_order":0,"comment_status":"closed","ping_status":"closed","template":"","meta":{"footnotes":""},"class_list":["post-1763","page","type-page","status-publish","has-post-thumbnail","hentry"],"_links":{"self":[{"href":"https:\/\/lerjen-grogg.ch\/site\/wp-json\/wp\/v2\/pages\/1763","targetHints":{"allow":["GET"]}}],"collection":[{"href":"https:\/\/lerjen-grogg.ch\/site\/wp-json\/wp\/v2\/pages"}],"about":[{"href":"https:\/\/lerjen-grogg.ch\/site\/wp-json\/wp\/v2\/types\/page"}],"author":[{"embeddable":true,"href":"https:\/\/lerjen-grogg.ch\/site\/wp-json\/wp\/v2\/users\/1"}],"replies":[{"embeddable":true,"href":"https:\/\/lerjen-grogg.ch\/site\/wp-json\/wp\/v2\/comments?post=1763"}],"version-history":[{"count":34,"href":"https:\/\/lerjen-grogg.ch\/site\/wp-json\/wp\/v2\/pages\/1763\/revisions"}],"predecessor-version":[{"id":2057,"href":"https:\/\/lerjen-grogg.ch\/site\/wp-json\/wp\/v2\/pages\/1763\/revisions\/2057"}],"wp:attachment":[{"href":"https:\/\/lerjen-grogg.ch\/site\/wp-json\/wp\/v2\/media?parent=1763"}],"curies":[{"name":"wp","href":"https:\/\/api.w.org\/{rel}","templated":true}]}}