{"id":1773,"date":"2016-11-05T15:56:27","date_gmt":"2016-11-05T15:56:27","guid":{"rendered":"http:\/\/wpdev.local\/?page_id=1773"},"modified":"2025-01-02T11:56:03","modified_gmt":"2025-01-02T10:56:03","slug":"haufige-fragen","status":"publish","type":"page","link":"https:\/\/lerjen-grogg.ch\/site\/haufige-fragen\/","title":{"rendered":"H\u00e4ufige Fragen"},"content":{"rendered":"<div class=\"col-lg-12 col-xs-12\">\n<h1>H\u00e4ufige Fragen<\/h1>\n<p>Hier haben wir die am h\u00e4ufigsten gestellten Fragen f\u00fcr Sie zusammengestellt.<\/p>\n<ul>\n<li class=\"col-lg-12 col-xs-12\"><a href=\"http:\/\/lerjen-grogg.ch\/?page_id=1818\">Was bringt ein Versicherungsbroker?<\/a><\/li>\n<li class=\"col-lg-12 col-xs-12\"><a href=\"http:\/\/lerjen-grogg.ch\/?page_id=1824\">Was kostet ein Versicherungsbroker?<\/a><\/li>\n<li class=\"col-lg-12 col-xs-12\"><a href=\"http:\/\/lerjen-grogg.ch\/?page_id=1827\">Was ist Versicherungsberatung in seiner reinen Form?<\/a><\/li>\n<li class=\"col-lg-12 col-xs-12\"><a href=\"http:\/\/lerjen-grogg.ch\/?page_id=1835\">Wie sieht unser Bild einer ganzheitlichen Versicherungsberatung aus?<\/a><\/li>\n<li class=\"col-lg-12 col-xs-12\"><a href=\"http:\/\/lerjen-grogg.ch\/?page_id=1837\">Warum ein Betreuungsmandat?<\/a><\/li>\n<\/ul>\n<\/div>\n","protected":false},"excerpt":{"rendered":"<p>H\u00e4ufige Fragen Hier haben wir die am h\u00e4ufigsten gestellten Fragen f\u00fcr Sie zusammengestellt. Was bringt ein Versicherungsbroker? Was kostet ein Versicherungsbroker? Was ist Versicherungsberatung in seiner reinen Form?&hellip;<\/p>\n","protected":false},"author":1,"featured_media":0,"parent":0,"menu_order":0,"comment_status":"closed","ping_status":"closed","template":"","meta":{"footnotes":""},"class_list":["post-1773","page","type-page","status-publish","has-post-thumbnail","hentry"],"_links":{"self":[{"href":"https:\/\/lerjen-grogg.ch\/site\/wp-json\/wp\/v2\/pages\/1773","targetHints":{"allow":["GET"]}}],"collection":[{"href":"https:\/\/lerjen-grogg.ch\/site\/wp-json\/wp\/v2\/pages"}],"about":[{"href":"https:\/\/lerjen-grogg.ch\/site\/wp-json\/wp\/v2\/types\/page"}],"author":[{"embeddable":true,"href":"https:\/\/lerjen-grogg.ch\/site\/wp-json\/wp\/v2\/users\/1"}],"replies":[{"embeddable":true,"href":"https:\/\/lerjen-grogg.ch\/site\/wp-json\/wp\/v2\/comments?post=1773"}],"version-history":[{"count":3,"href":"https:\/\/lerjen-grogg.ch\/site\/wp-json\/wp\/v2\/pages\/1773\/revisions"}],"predecessor-version":[{"id":2203,"href":"https:\/\/lerjen-grogg.ch\/site\/wp-json\/wp\/v2\/pages\/1773\/revisions\/2203"}],"wp:attachment":[{"href":"https:\/\/lerjen-grogg.ch\/site\/wp-json\/wp\/v2\/media?parent=1773"}],"curies":[{"name":"wp","href":"https:\/\/api.w.org\/{rel}","templated":true}]}}