{"id":1776,"date":"2016-11-05T16:01:12","date_gmt":"2016-11-05T16:01:12","guid":{"rendered":"http:\/\/wpdev.local\/?page_id=1776"},"modified":"2021-07-06T11:30:30","modified_gmt":"2021-07-06T09:30:30","slug":"willkommen","status":"publish","type":"page","link":"https:\/\/lerjen-grogg.ch\/site\/willkommen\/","title":{"rendered":"Willkommen"},"content":{"rendered":"<div class=\"col-lg-6 col-xs-12\">\n<h1>L\u00f6sungen f\u00fcr jeden Bedarf \u2013 massgeschneidert<\/h1>\n<p>Egal ob f\u00fcr Privatpersonen oder KMU \u2013 die Palette an Versicherungsprodukten ist sehr umfangreich und schwer \u00fcberschaubar. F\u00fcr die verschiedensten Bed\u00fcrfnisse gibt es die unterschiedlichsten L\u00f6sungen. Spielregeln und Akteure im Markt sind uns bestens bekannt. Langj\u00e4hrige Erfahrungen gew\u00e4hren uns den Durchblick in einem immer komplexeren Gebilde von Versicherungen.<\/p>\n<h1>Optimale Beratung und Betreuung<\/h1>\n<p>In einem ersten, kostenlosen Gespr\u00e4ch kl\u00e4ren wir zusammen mit Ihnen Ihre Bed\u00fcrfnisse ab. Sobald wir Ihre Unterlagen eingesehen haben, zeigen wir Ihnen L\u00f6sungsvorschl\u00e4ge. Sie entscheiden danach \u00fcber einen Auftrag. Als Partner aller namhaften Versicherungsgesellschaften ermitteln wir f\u00fcr Sie jenes Angebot, das Ihre Bed\u00fcrfnisse ideal abdeckt und sich im Quervergleich bez\u00fcglich Preis und Leistung am rentabelsten pr\u00e4sentiert.<\/p>\n<\/div>\n<div class=\"col-lg-6 col-xs-12\">\n<h1>Wind und Wetter halten uns nicht ab<\/h1>\n<p>Wir sind immer f\u00fcr Sie da. Mit diesem Selbstverst\u00e4ndnis gehen wir an unsere Aufgaben. Von der ersten Beratung \u00fcber die Analyse bis hin zur Optimierung. Wir beraten und betreuen Sie auch im Schadenfall. Und auch gerne dar\u00fcber hinaus mit Kompetenz und Leidenschaft<\/p>\n<h1>Wir sind f\u00fcr Sie da<\/h1>\n<p>Als der Versicherungsbroker der ersten Stunde in der Region Oberwallis verf\u00fcgen wir nicht nur \u00fcber eine breite Erfahrung sondern auch \u00fcber ein Fundiertes Wissen in allen Versicherungsbereichen. Damit dies auch in Zukunft so bleibt, bilden wir uns kontinuierlich intern und extern weiter<\/p>\n<\/div>\n","protected":false},"excerpt":{"rendered":"<p>L\u00f6sungen f\u00fcr jeden Bedarf \u2013 massgeschneidert Egal ob f\u00fcr Privatpersonen oder KMU \u2013 die Palette an Versicherungsprodukten ist sehr umfangreich und schwer \u00fcberschaubar. F\u00fcr die verschiedensten Bed\u00fcrfnisse gibt&hellip;<\/p>\n","protected":false},"author":1,"featured_media":1912,"parent":0,"menu_order":0,"comment_status":"closed","ping_status":"closed","template":"","meta":{"footnotes":""},"class_list":["post-1776","page","type-page","status-publish","has-post-thumbnail","hentry"],"_links":{"self":[{"href":"https:\/\/lerjen-grogg.ch\/site\/wp-json\/wp\/v2\/pages\/1776","targetHints":{"allow":["GET"]}}],"collection":[{"href":"https:\/\/lerjen-grogg.ch\/site\/wp-json\/wp\/v2\/pages"}],"about":[{"href":"https:\/\/lerjen-grogg.ch\/site\/wp-json\/wp\/v2\/types\/page"}],"author":[{"embeddable":true,"href":"https:\/\/lerjen-grogg.ch\/site\/wp-json\/wp\/v2\/users\/1"}],"replies":[{"embeddable":true,"href":"https:\/\/lerjen-grogg.ch\/site\/wp-json\/wp\/v2\/comments?post=1776"}],"version-history":[{"count":1,"href":"https:\/\/lerjen-grogg.ch\/site\/wp-json\/wp\/v2\/pages\/1776\/revisions"}],"predecessor-version":[{"id":1915,"href":"https:\/\/lerjen-grogg.ch\/site\/wp-json\/wp\/v2\/pages\/1776\/revisions\/1915"}],"wp:featuredmedia":[{"embeddable":true,"href":"https:\/\/lerjen-grogg.ch\/site\/wp-json\/wp\/v2\/media\/1912"}],"wp:attachment":[{"href":"https:\/\/lerjen-grogg.ch\/site\/wp-json\/wp\/v2\/media?parent=1776"}],"curies":[{"name":"wp","href":"https:\/\/api.w.org\/{rel}","templated":true}]}}