{"id":1809,"date":"2016-11-06T10:34:56","date_gmt":"2016-11-06T10:34:56","guid":{"rendered":"http:\/\/wpdev.local\/?page_id=1809"},"modified":"2016-11-06T10:34:56","modified_gmt":"2016-11-06T10:34:56","slug":"welche-bereiche-decken-wir-ab","status":"publish","type":"page","link":"https:\/\/lerjen-grogg.ch\/site\/haufige-fragen\/welche-bereiche-decken-wir-ab\/","title":{"rendered":"Welche Bereiche decken wir ab?"},"content":{"rendered":"<div class=\"col-lg-12 col-xs-12\">\n<h1>Welche Bereiche decken wir ab?<\/h1>\n<p>Unsere T\u00e4tigkeitsfelder sind vielf\u00e4ltig. Wir haben f\u00fcr jedes Gebiet einen Spezialisten, der Sie kompetent ber\u00e4t. Der Spezialist ist Ihr Ansprechpartner, wenn Sie detaillierte Auskunft \u00fcber ein bestimmtes Thema w\u00fcnschen.<\/p>\n<p><em>Unsere Hauptt\u00e4tigkeit liegt in folgenden Gebieten:<\/em><\/p>\n<ul type=\"disc\">\n<li>Berufliche Vorsorge<\/li>\n<li>Fahrzeug- und Transportversicherungen<\/li>\n<li>Haftpflichtversicherungen<\/li>\n<li>Kollektiv-Krankentaggelder<\/li>\n<li>Kranken- und Unfallversicherungen<\/li>\n<li>Luftfahrtversicherungen<\/li>\n<li>Organhaftpflichtversicherungen<\/li>\n<li>Rechtsschutzversicherungen<\/li>\n<li>Sachversicherungen<\/li>\n<li>Schiffversicherungen<\/li>\n<li>Technische Versicherungen<\/li>\n<li>Verm\u00f6gensversicherungen<\/li>\n<li>Verm\u00f6gensverwaltung<\/li>\n<li>Versicherungsberatung bei Firmenumstrukturierung oder Neugr\u00fcndung<\/li>\n<li>Vorsorgeanalyse f\u00fcr Firmeninhaber und Mitarbeiter (Privatbereich)<\/li>\n<\/ul>\n<\/div>\n","protected":false},"excerpt":{"rendered":"<p>Welche Bereiche decken wir ab? Unsere T\u00e4tigkeitsfelder sind vielf\u00e4ltig. Wir haben f\u00fcr jedes Gebiet einen Spezialisten, der Sie kompetent ber\u00e4t. Der Spezialist ist Ihr Ansprechpartner, wenn Sie detaillierte&hellip;<\/p>\n","protected":false},"author":1,"featured_media":0,"parent":1773,"menu_order":0,"comment_status":"closed","ping_status":"closed","template":"","meta":{"footnotes":""},"class_list":["post-1809","page","type-page","status-publish","has-post-thumbnail","hentry"],"_links":{"self":[{"href":"https:\/\/lerjen-grogg.ch\/site\/wp-json\/wp\/v2\/pages\/1809","targetHints":{"allow":["GET"]}}],"collection":[{"href":"https:\/\/lerjen-grogg.ch\/site\/wp-json\/wp\/v2\/pages"}],"about":[{"href":"https:\/\/lerjen-grogg.ch\/site\/wp-json\/wp\/v2\/types\/page"}],"author":[{"embeddable":true,"href":"https:\/\/lerjen-grogg.ch\/site\/wp-json\/wp\/v2\/users\/1"}],"replies":[{"embeddable":true,"href":"https:\/\/lerjen-grogg.ch\/site\/wp-json\/wp\/v2\/comments?post=1809"}],"version-history":[{"count":0,"href":"https:\/\/lerjen-grogg.ch\/site\/wp-json\/wp\/v2\/pages\/1809\/revisions"}],"up":[{"embeddable":true,"href":"https:\/\/lerjen-grogg.ch\/site\/wp-json\/wp\/v2\/pages\/1773"}],"wp:attachment":[{"href":"https:\/\/lerjen-grogg.ch\/site\/wp-json\/wp\/v2\/media?parent=1809"}],"curies":[{"name":"wp","href":"https:\/\/api.w.org\/{rel}","templated":true}]}}