{"id":1824,"date":"2016-11-06T15:56:00","date_gmt":"2016-11-06T15:56:00","guid":{"rendered":"http:\/\/wpdev.local\/?page_id=1824"},"modified":"2024-11-14T11:42:19","modified_gmt":"2024-11-14T10:42:19","slug":"was-kostet-ein-versicherungsbroker","status":"publish","type":"page","link":"https:\/\/lerjen-grogg.ch\/site\/haufige-fragen\/was-kostet-ein-versicherungsbroker\/","title":{"rendered":"Was kostet ein Versicherungsbroker?"},"content":{"rendered":"<h1>Was kostet ein Versicherungsbroker?<\/h1>\n<p>Grunds\u00e4tzlich nichts, sobald und solange ein Mandatsverh\u00e4ltnis (Betreuungsmandat) besteht. Darum gewinnen Sie mit uns immer. Entweder Sie sparen Geld oder Sie bekommen einen \u00dcberblick \u00fcber die bestehenden M\u00f6glichkeiten, wie man Geld einsparen und Ihre Bed\u00fcrfnisse abdecken kann.<\/p>\n<p>F\u00fcr Analysen kann auch eine Beratung auf Honorarbasis durchgef\u00fchrt werden.<\/p>\n","protected":false},"excerpt":{"rendered":"<p>Was kostet ein Versicherungsbroker? Grunds\u00e4tzlich nichts, sobald und solange ein Mandatsverh\u00e4ltnis (Betreuungsmandat) besteht. Darum gewinnen Sie mit uns immer. Entweder Sie sparen Geld oder Sie bekommen einen \u00dcberblick&hellip;<\/p>\n","protected":false},"author":1,"featured_media":0,"parent":1773,"menu_order":0,"comment_status":"closed","ping_status":"closed","template":"","meta":{"footnotes":""},"class_list":["post-1824","page","type-page","status-publish","has-post-thumbnail","hentry"],"_links":{"self":[{"href":"https:\/\/lerjen-grogg.ch\/site\/wp-json\/wp\/v2\/pages\/1824","targetHints":{"allow":["GET"]}}],"collection":[{"href":"https:\/\/lerjen-grogg.ch\/site\/wp-json\/wp\/v2\/pages"}],"about":[{"href":"https:\/\/lerjen-grogg.ch\/site\/wp-json\/wp\/v2\/types\/page"}],"author":[{"embeddable":true,"href":"https:\/\/lerjen-grogg.ch\/site\/wp-json\/wp\/v2\/users\/1"}],"replies":[{"embeddable":true,"href":"https:\/\/lerjen-grogg.ch\/site\/wp-json\/wp\/v2\/comments?post=1824"}],"version-history":[{"count":2,"href":"https:\/\/lerjen-grogg.ch\/site\/wp-json\/wp\/v2\/pages\/1824\/revisions"}],"predecessor-version":[{"id":2188,"href":"https:\/\/lerjen-grogg.ch\/site\/wp-json\/wp\/v2\/pages\/1824\/revisions\/2188"}],"up":[{"embeddable":true,"href":"https:\/\/lerjen-grogg.ch\/site\/wp-json\/wp\/v2\/pages\/1773"}],"wp:attachment":[{"href":"https:\/\/lerjen-grogg.ch\/site\/wp-json\/wp\/v2\/media?parent=1824"}],"curies":[{"name":"wp","href":"https:\/\/api.w.org\/{rel}","templated":true}]}}