{"id":1827,"date":"2016-11-06T15:57:00","date_gmt":"2016-11-06T15:57:00","guid":{"rendered":"http:\/\/wpdev.local\/?page_id=1827"},"modified":"2016-11-06T15:57:00","modified_gmt":"2016-11-06T15:57:00","slug":"was-ist-versicherungsberatung-in-seiner-reinen-form","status":"publish","type":"page","link":"https:\/\/lerjen-grogg.ch\/site\/haufige-fragen\/was-ist-versicherungsberatung-in-seiner-reinen-form\/","title":{"rendered":"Was ist Versicherungsberatung in seiner reinen Form?"},"content":{"rendered":"<h1>Was ist Versicherungsberatung in seiner reinen Form?<\/h1>\n<p>Unsere Firmenphilosophie ist, Ihnen das Beste anzubieten. Dies erreichen wir dank unserer Unabh\u00e4ngigkeit und Vielfalt. Wir w\u00e4hlen die Rosinen aus dem Markt heraus und pr\u00e4sentieren Ihnen die bestm\u00f6gliche L\u00f6sung.<\/p>\n<p>Die Freiheit des Kunden ist uns wichtig. Sie bekommen also das, was Sie wollen und w\u00fcnschen und das, was Ihnen den gr\u00f6ssten Nutzen bringt.<\/p>\n<p>Und unter Ber\u00fccksichtigung der Qualit\u00e4t nat\u00fcrlich auch zum besten Preis.<\/p>\n","protected":false},"excerpt":{"rendered":"<p>Was ist Versicherungsberatung in seiner reinen Form? Unsere Firmenphilosophie ist, Ihnen das Beste anzubieten. Dies erreichen wir dank unserer Unabh\u00e4ngigkeit und Vielfalt. Wir w\u00e4hlen die Rosinen aus dem&hellip;<\/p>\n","protected":false},"author":1,"featured_media":0,"parent":1773,"menu_order":0,"comment_status":"closed","ping_status":"closed","template":"","meta":{"footnotes":""},"class_list":["post-1827","page","type-page","status-publish","has-post-thumbnail","hentry"],"_links":{"self":[{"href":"https:\/\/lerjen-grogg.ch\/site\/wp-json\/wp\/v2\/pages\/1827","targetHints":{"allow":["GET"]}}],"collection":[{"href":"https:\/\/lerjen-grogg.ch\/site\/wp-json\/wp\/v2\/pages"}],"about":[{"href":"https:\/\/lerjen-grogg.ch\/site\/wp-json\/wp\/v2\/types\/page"}],"author":[{"embeddable":true,"href":"https:\/\/lerjen-grogg.ch\/site\/wp-json\/wp\/v2\/users\/1"}],"replies":[{"embeddable":true,"href":"https:\/\/lerjen-grogg.ch\/site\/wp-json\/wp\/v2\/comments?post=1827"}],"version-history":[{"count":0,"href":"https:\/\/lerjen-grogg.ch\/site\/wp-json\/wp\/v2\/pages\/1827\/revisions"}],"up":[{"embeddable":true,"href":"https:\/\/lerjen-grogg.ch\/site\/wp-json\/wp\/v2\/pages\/1773"}],"wp:attachment":[{"href":"https:\/\/lerjen-grogg.ch\/site\/wp-json\/wp\/v2\/media?parent=1827"}],"curies":[{"name":"wp","href":"https:\/\/api.w.org\/{rel}","templated":true}]}}