{"id":1837,"date":"2016-11-06T16:02:15","date_gmt":"2016-11-06T16:02:15","guid":{"rendered":"http:\/\/wpdev.local\/?page_id=1837"},"modified":"2025-01-02T11:59:05","modified_gmt":"2025-01-02T10:59:05","slug":"warum-ein-betreuungsmandat","status":"publish","type":"page","link":"https:\/\/lerjen-grogg.ch\/site\/haufige-fragen\/warum-ein-betreuungsmandat\/","title":{"rendered":"Warum ein Betreuungsmandat?"},"content":{"rendered":"<div class=\"col-lg-12 col-xs-12\">\n<h1>Warum ein Betreuungsmandat?<\/h1>\n<p>Der Versicherungsmakler ist eine unabh\u00e4ngige Person der die Unterschiede der verschiedenen Versicherungen kennt. Dieses Know-how n\u00fctzt er im Interesse des Kunden aus, um eine Optimierung des Versicherungs-Portefeuille des Kunden zu erzielen.<\/p>\n<p>Der Makler braucht f\u00fcr Ausk\u00fcnfte, die er von verschiedenen Versicherern einholt, gem\u00e4ss Obligationenrecht ein Betreuungsmandat.<\/p>\n<p>Der Makler muss keine neuen Vertr\u00e4ge<span lang=\"DE-CH\"> abschliessen<\/span> (kein Verkaufsdruck), sondern kann die guten Vertr\u00e4ge weiterf\u00fchren und das Portefeuille permanent und nachhaltig optimieren.<\/p>\n<p>Es kann auch als Instrument f\u00fcr eine g\u00fcnstigere Pr\u00e4mie gebraucht werden, wenn die bestehende Versicherung unter Druck ist von Konkurrenzofferten. Denn die Versicherung<span lang=\"DE-CH\"> weiss<\/span>, dass ein Makler den Kunden betreut und die Versicherung auch bei der Konkurrenz abgeschlossen werden kann.<\/p>\n<p>Der Kunde soll nur ein Mandat erteilen, wenn er damit einverstanden ist, dass der Makler in markt\u00fcblicher Weise f\u00fcr seine Dienste honoriert wird (siehe unter den Allgemeinen Vertragsbestimmungen).<\/p>\n<\/div>\n","protected":false},"excerpt":{"rendered":"<p>Warum ein Betreuungsmandat? Der Versicherungsmakler ist eine unabh\u00e4ngige Person der die Unterschiede der verschiedenen Versicherungen kennt. Dieses Know-how n\u00fctzt er im Interesse des Kunden aus, um eine Optimierung&hellip;<\/p>\n","protected":false},"author":1,"featured_media":0,"parent":1773,"menu_order":0,"comment_status":"closed","ping_status":"closed","template":"","meta":{"footnotes":""},"class_list":["post-1837","page","type-page","status-publish","has-post-thumbnail","hentry"],"_links":{"self":[{"href":"https:\/\/lerjen-grogg.ch\/site\/wp-json\/wp\/v2\/pages\/1837","targetHints":{"allow":["GET"]}}],"collection":[{"href":"https:\/\/lerjen-grogg.ch\/site\/wp-json\/wp\/v2\/pages"}],"about":[{"href":"https:\/\/lerjen-grogg.ch\/site\/wp-json\/wp\/v2\/types\/page"}],"author":[{"embeddable":true,"href":"https:\/\/lerjen-grogg.ch\/site\/wp-json\/wp\/v2\/users\/1"}],"replies":[{"embeddable":true,"href":"https:\/\/lerjen-grogg.ch\/site\/wp-json\/wp\/v2\/comments?post=1837"}],"version-history":[{"count":1,"href":"https:\/\/lerjen-grogg.ch\/site\/wp-json\/wp\/v2\/pages\/1837\/revisions"}],"predecessor-version":[{"id":2204,"href":"https:\/\/lerjen-grogg.ch\/site\/wp-json\/wp\/v2\/pages\/1837\/revisions\/2204"}],"up":[{"embeddable":true,"href":"https:\/\/lerjen-grogg.ch\/site\/wp-json\/wp\/v2\/pages\/1773"}],"wp:attachment":[{"href":"https:\/\/lerjen-grogg.ch\/site\/wp-json\/wp\/v2\/media?parent=1837"}],"curies":[{"name":"wp","href":"https:\/\/api.w.org\/{rel}","templated":true}]}}