{"id":1938,"date":"2021-07-06T15:51:35","date_gmt":"2021-07-06T13:51:35","guid":{"rendered":"https:\/\/lerjen-grogg.ch\/site\/home\/"},"modified":"2026-01-11T17:24:17","modified_gmt":"2026-01-11T16:24:17","slug":"home","status":"publish","type":"page","link":"https:\/\/lerjen-grogg.ch\/site\/","title":{"rendered":"Home"},"content":{"rendered":"\n<h2 class=\"wp-block-heading\" id=\"news\">News<\/h2>\n\n\n\n<p>Die \u00dcbergabephase von Fritz und Josef an Jean-Claude ist abgeschlossen. Diese 4 1\/2 Jahre waren arbeitsintensiv, die Zusammenarbeit sehr kollegial und f\u00fcr mich eine wertvolle Zeit! Die beiden haben sich aufgrund der neu definierten Mindeststandards f\u00fcr Versicherungsvermittler der FINMA entschieden, sich dieser Herausforderung nicht mehr zu stellen und in den wohl verdienten Versicherungsruhestand zu gehen. Ein ganz grosses Dankesch\u00f6n an Fritz und Josef (die Brokerpioniere im Oberwallis)!!<\/p>\n\n\n<div class=\"wp-block-image\">\n<figure class=\"aligncenter is-resized\"><img loading=\"lazy\" decoding=\"async\" width=\"225\" height=\"225\" src=\"https:\/\/lerjen-grogg.ch\/site\/wp-content\/uploads\/2026\/01\/image.png\" alt=\"\" class=\"wp-image-2288\" style=\"width:148px;height:auto\" srcset=\"https:\/\/lerjen-grogg.ch\/site\/wp-content\/uploads\/2026\/01\/image.png 225w, https:\/\/lerjen-grogg.ch\/site\/wp-content\/uploads\/2026\/01\/image-150x150.png 150w\" sizes=\"auto, (max-width: 225px) 100vw, 225px\" \/><\/figure>\n<\/div>\n\n\n<p>Gleichzeitig stosst eine neue Fachperson zu uns. Nicole Brantschen hat schon die Lehre in der Versicherungsbranche gemacht und konnte bei der Mobiliar, Allianz und Baloise Erfahrungen sammeln. Auch sie ist bei der FINMA als Versicherungsvermittlerin VBV registriert. <\/p>\n\n\n\n<p>Willkommen Nicole!<\/p>\n\n\n\n<hr class=\"wp-block-separator has-alpha-channel-opacity\"\/>\n\n\n\n<figure class=\"wp-block-image size-full\"><img loading=\"lazy\" decoding=\"async\" width=\"794\" height=\"524\" src=\"https:\/\/lerjen-grogg.ch\/site\/wp-content\/uploads\/2025\/12\/Tannenbaeume-1.jpg\" alt=\"\" class=\"wp-image-2284\" style=\"aspect-ratio:1.5153203342618384\" srcset=\"https:\/\/lerjen-grogg.ch\/site\/wp-content\/uploads\/2025\/12\/Tannenbaeume-1.jpg 794w, https:\/\/lerjen-grogg.ch\/site\/wp-content\/uploads\/2025\/12\/Tannenbaeume-1-300x198.jpg 300w, https:\/\/lerjen-grogg.ch\/site\/wp-content\/uploads\/2025\/12\/Tannenbaeume-1-768x507.jpg 768w, https:\/\/lerjen-grogg.ch\/site\/wp-content\/uploads\/2025\/12\/Tannenbaeume-1-540x356.jpg 540w\" sizes=\"auto, (max-width: 794px) 100vw, 794px\" \/><\/figure>\n\n\n\n<p>Unser B\u00fcro ist vom 23.12. abends bis am 5.1.2025 geschlossen. Wir w\u00fcnschen Ihnen eine sch\u00f6ne Adventszeit, feierliche Festtage, schon jetzt einen guten Rutsch und beste Gesundheit.<\/p>\n\n\n\n<hr class=\"wp-block-separator has-alpha-channel-opacity\"\/>\n\n\n\n<p>Wir sind umgezogen. Unsere neue Adresse lautet:<br><strong>Kantonsstrasse 57, 3930 Eyholz (3. Stock im Geb\u00e4ude des Coop Supercenter)<\/strong><\/p>\n\n\n\n<p><a href=\"https:\/\/lerjen-grogg.ch\/site\/informationen\/\" data-type=\"page\" data-id=\"1770\">So kommen Sie zu uns.<\/a><\/p>\n\n\n\n<p><mark style=\"background-color:rgba(0, 0, 0, 0)\" class=\"has-inline-color has-vivid-cyan-blue-color\">F\u00fcr Termine bei uns im B\u00fcro nehmen Sie bitte mit uns Kontakt auf und vereinbaren einen Termin, damit Sie den Weg zu uns nicht umsonst machen.<\/mark><\/p>\n\n\n\n<hr class=\"wp-block-separator has-alpha-channel-opacity\"\/>\n\n\n<div class=\"wp-block-image\">\n<figure class=\"aligncenter size-full is-resized\"><img decoding=\"async\" src=\"https:\/\/lerjen-grogg.ch\/site\/wp-content\/uploads\/2025\/01\/Logo-Jubilaeum-25-Jahre-neu.jpg\" alt=\"\" class=\"wp-image-2209\" style=\"width:110px;height:auto\"\/><\/figure>\n<\/div>\n\n\n<p><\/p>\n\n\n\n<p>Wir feiern dieses Jahr das 25 j\u00e4hrige Jubil\u00e4um! Fritz Grogg und Josef Lerjen haben im Jahr 2000 das Neutrale Versicherungsb\u00fcro er\u00f6ffnet. Sch\u00f6n, dass auch Sie zu unseren Kunden geh\u00f6ren und uns vertrauen.<\/p>\n\n\n\n<hr class=\"wp-block-separator has-alpha-channel-opacity\"\/>\n\n\n\n<blockquote class=\"wp-block-quote is-layout-flow wp-block-quote-is-layout-flow\">\n<p><mark style=\"background-color:rgba(0, 0, 0, 0)\" class=\"has-inline-color has-vivid-cyan-blue-color\">\u201e<strong>Nichts ist so best\u00e4ndig wie der Wandel.<\/strong>&#171;<\/mark><\/p>\n<\/blockquote>\n\n\n\n<p>Was schon der griechische Philosoph Heraklit 500 vor Christus sagte, ist noch heute so.<\/p>\n\n\n\n<hr class=\"wp-block-separator has-alpha-channel-opacity\"\/>\n\n\n\n<p>Willkommen David Giachino und Rachel Kalbermatten! Ab dem 1.1.2024 unterst\u00fctzen sie uns als Berater. Beide sind eidg. diplomierte Finanzplaner und sind auch Cicero registriert. <\/p>\n\n\n\n<hr class=\"wp-block-separator has-alpha-channel-opacity\"\/>\n\n\n\n<p>Ab sofort werden auch die Kunden der &#171;valvida gmbh&#187; und auch der &#171;B\u00fcro Kraft GmbH&#187; \u00fcber uns betreut und in Versicherungsfragen beraten.<\/p>\n\n\n\n<hr class=\"wp-block-separator has-alpha-channel-opacity\"\/>\n\n\n\n<p>Wir haben das neue Datenschutzgesetz ernst genommen und haben uns f\u00fcr Sicherheit auf h\u00f6chstem Niveau entschieden. Elektronische Signatur und Verschl\u00fcsselung via Seppmail.<br>Den Link zum Artikel:<\/p>\n\n\n\n<p><a href=\"https:\/\/www.ocom.ch\/business\/erfolgsstorys\/sicherheit-auf-hochstem-niveau-beim-neutralen-versicherungsburo-lerjen-grogg?fbclid=IwAR0gx2ypq1fYMqCbAq-9vTULVzUFHzLjQsZAuTrJtNJ8XZcE1nVbw-rhWoU\">Sicherheit auf h\u00f6chstem Niveau beim Neutralen Versicherungsb\u00fcro Lerjen &amp; Grogg | Ocom AG<\/a><\/p>\n\n\n\n<hr class=\"wp-block-separator has-alpha-channel-opacity\"\/>\n\n\n\n<p>Eine weitere Fachperson geh\u00f6rt ab dem 1.4.2023 neu zu unserem Team. Willkommen Nicole Amacker! Sie ist Finanzberaterin IAF. Auch sie kennt das Broker-Business zeit Jahrzehnten und wird unseren Kunden weiterhin den gewohnten Service bieten.<\/p>\n\n\n\n<hr class=\"wp-block-separator has-css-opacity\"\/>\n\n\n\n<p><br>Unser B\u00fcro hat Zuwachs erhalten. Seit dem 1.1.2023 sind Svenja Ruppen und D\u00e9sir\u00e9e Chevalley bei uns in einem Teilzeitpensum t\u00e4tig. Beide kennen das Brokerwesen seit Jahrzehnten und bereichern unser Team. Willkommen!<\/p>\n\n\n\n<hr class=\"wp-block-separator has-css-opacity\"\/>\n\n\n\n<p><br>Am 1.1.2023 hat Jean-Claude Lerjen alle Anteile von Fritz und Josef \u00fcbernommen und ist nun alleiniger Eigent\u00fcmer des Neutralen Versicherungsb\u00fcro Lerjen &amp; Grogg GmbH. Fritz und Josef sind weiterhin angestellt und unterst\u00fctzen Jean-Claude bei der Nachfolgeregelung. <\/p>\n\n\n\n<hr class=\"wp-block-separator has-css-opacity\"\/>\n\n\n\n<p><br>Unser B\u00fcro hat mit der valvida GmbH eine strategische Partnerschaft, damit gemeinsame Ressourcen genutzt werden k\u00f6nnen und jeder seine St\u00e4rken ausspielen kann.<\/p>\n\n\n\n<figure class=\"wp-block-image size-large is-resized\"><img loading=\"lazy\" decoding=\"async\" width=\"1024\" height=\"356\" src=\"https:\/\/lerjen-grogg.ch\/site\/wp-content\/uploads\/2023\/01\/Variante-3-1024x356.png\" alt=\"\" class=\"wp-image-2017\" style=\"width:256px;height:89px\" srcset=\"https:\/\/lerjen-grogg.ch\/site\/wp-content\/uploads\/2023\/01\/Variante-3-1024x356.png 1024w, https:\/\/lerjen-grogg.ch\/site\/wp-content\/uploads\/2023\/01\/Variante-3-300x104.png 300w, https:\/\/lerjen-grogg.ch\/site\/wp-content\/uploads\/2023\/01\/Variante-3-768x267.png 768w, https:\/\/lerjen-grogg.ch\/site\/wp-content\/uploads\/2023\/01\/Variante-3.png 1150w\" sizes=\"auto, (max-width: 1024px) 100vw, 1024px\" \/><\/figure>\n\n\n\n<hr class=\"wp-block-separator has-css-opacity\"\/>\n\n\n\n<p><br>Das Neutrale Versicherungsb\u00fcro hat einen neuen Gesch\u00e4ftsleiter.<br><br><a rel=\"noreferrer noopener\" href=\"https:\/\/lerjen-grogg.ch\/site\/wp-content\/uploads\/2022\/02\/Inserat-5.2.2022.jpg\" target=\"_blank\">WB Inserat 05.02.2022<\/a><\/p>\n\n\n\n<hr class=\"wp-block-separator has-css-opacity\"\/>\n\n\n\n<p><br>Das Neutrale Versicherungsb\u00fcro hat eine Verj\u00fcngungskur bekommen.<br><br><a rel=\"noreferrer noopener\" href=\"https:\/\/lerjen-grogg.ch\/site\/wp-content\/uploads\/2021\/07\/Inserat-WB-8.7.2021.pdf\" target=\"_blank\">WB Inserat 08.07.2021<\/a><\/p>\n\n\n\n<p><\/p>\n\n\n\n<figure class=\"wp-block-image size-large is-style-default\"><img loading=\"lazy\" decoding=\"async\" width=\"1024\" height=\"576\" src=\"https:\/\/lerjen-grogg.ch\/site\/wp-content\/uploads\/2022\/02\/Foto-Startseite-1024x576.jpg\" alt=\"\" class=\"wp-image-1991\" srcset=\"https:\/\/lerjen-grogg.ch\/site\/wp-content\/uploads\/2022\/02\/Foto-Startseite-1024x576.jpg 1024w, https:\/\/lerjen-grogg.ch\/site\/wp-content\/uploads\/2022\/02\/Foto-Startseite-300x169.jpg 300w, https:\/\/lerjen-grogg.ch\/site\/wp-content\/uploads\/2022\/02\/Foto-Startseite-768x432.jpg 768w, https:\/\/lerjen-grogg.ch\/site\/wp-content\/uploads\/2022\/02\/Foto-Startseite-1536x863.jpg 1536w, https:\/\/lerjen-grogg.ch\/site\/wp-content\/uploads\/2022\/02\/Foto-Startseite-2048x1151.jpg 2048w\" sizes=\"auto, (max-width: 1024px) 100vw, 1024px\" \/><figcaption class=\"wp-element-caption\">Jean-Claude, Fritz und Josef<\/figcaption><\/figure>\n\n\n\n<p><\/p>\n","protected":false},"excerpt":{"rendered":"<p>News Die \u00dcbergabephase von Fritz und Josef an Jean-Claude ist abgeschlossen. Diese 4 1\/2 Jahre waren arbeitsintensiv, die Zusammenarbeit sehr kollegial und f\u00fcr mich eine wertvolle Zeit! Die&hellip;<\/p>\n","protected":false},"author":2,"featured_media":2239,"parent":0,"menu_order":0,"comment_status":"closed","ping_status":"closed","template":"main-page.php","meta":{"footnotes":""},"class_list":["post-1938","page","type-page","status-publish","has-post-thumbnail","hentry"],"_links":{"self":[{"href":"https:\/\/lerjen-grogg.ch\/site\/wp-json\/wp\/v2\/pages\/1938","targetHints":{"allow":["GET"]}}],"collection":[{"href":"https:\/\/lerjen-grogg.ch\/site\/wp-json\/wp\/v2\/pages"}],"about":[{"href":"https:\/\/lerjen-grogg.ch\/site\/wp-json\/wp\/v2\/types\/page"}],"author":[{"embeddable":true,"href":"https:\/\/lerjen-grogg.ch\/site\/wp-json\/wp\/v2\/users\/2"}],"replies":[{"embeddable":true,"href":"https:\/\/lerjen-grogg.ch\/site\/wp-json\/wp\/v2\/comments?post=1938"}],"version-history":[{"count":42,"href":"https:\/\/lerjen-grogg.ch\/site\/wp-json\/wp\/v2\/pages\/1938\/revisions"}],"predecessor-version":[{"id":2293,"href":"https:\/\/lerjen-grogg.ch\/site\/wp-json\/wp\/v2\/pages\/1938\/revisions\/2293"}],"wp:featuredmedia":[{"embeddable":true,"href":"https:\/\/lerjen-grogg.ch\/site\/wp-json\/wp\/v2\/media\/2239"}],"wp:attachment":[{"href":"https:\/\/lerjen-grogg.ch\/site\/wp-json\/wp\/v2\/media?parent=1938"}],"curies":[{"name":"wp","href":"https:\/\/api.w.org\/{rel}","templated":true}]}}